{"id":9083,"date":"2025-04-16T16:33:23","date_gmt":"2025-04-16T16:33:23","guid":{"rendered":"https:\/\/cotraco.ro\/cookies\/"},"modified":"2025-04-16T16:37:56","modified_gmt":"2025-04-16T16:37:56","slug":"cookies","status":"publish","type":"page","link":"https:\/\/cotraco.ro\/en\/cookies\/","title":{"rendered":"Cookies"},"content":{"rendered":"\n<p><strong>WHAT ARE COOKIES?<\/strong><\/p>\n\n<p>Un cookie este un mic fi\u0219ier-text pe care un site \u00eel salveaz\u0103 pe calculatorul sau dispozitivul dumneavoastr\u0103 mobil atunci c\u00e2nd vizita\u021bi site-ul. Cookie-urile sunt larg utilizate pentru a face site-urile func\u021bionale sau pentru ca acestea s\u0103 func\u021bioneze mai eficient, precum \u0219i pentru a furniza informa\u021bii de\u021bin\u0103torilor site-ului.<\/p>\n\n<p><strong>CUM UTILIZAM COOKIE-URILE?<\/strong><\/p>\n\n<p>Site-urile firmei Cotraco utilizeaz\u0103 <strong>Google Analytics<\/strong>, un serviciu de analiz\u0103 web furnizat de Google, Inc. (\u201eGoogle\u201d) care contribuie la analizarea utiliz\u0103rii acestui site. \u00cen acest scop, <strong>Google Analytics utilizeaz\u0103 \u201ecookie-uri\u201d<\/strong>, care sunt fi\u0219iere-text plasate \u00een calculatorul dumneavoastr\u0103.<\/p>\n\n<p>Informa\u021biile generate de cookie-uri cu privire la modul \u00een care utiliza\u021bi acest site \u2013 informa\u021bii standard de jurnal de utilizare a internetului (inclusiv adresa dumneavoastr\u0103 IP) \u0219i informa\u021bii privind comportamentul vizitatorului \u00eentr-o form\u0103 anonim\u0103 \u2013 vor fi transmise \u0219i stocate de Google, inclusiv pe servere din Statele Unite. Google va transforma informa\u021biile transmise \u00een informa\u021bii anonime, prin eliminarea ultimului octet al adresei dumneavoastr\u0103 IP \u00eenaintea stoc\u0103rii acesteia.<\/p>\n\n<p>\u00cen conformitate cu condi\u021biile de utilizare ale Google Analytics, Google va utiliza respectivele informa\u021bii pentru a evalua modul \u00een care utiliza\u021bi site-ul \u0219i pentru a elabora rapoarte pentru firma Cotraco referitoare la activitatea site-ului.<\/p>\n\n<p><strong>Firma Cotraco nu va utiliza \u0219i nu va permite niciunei p\u0103r\u021bi ter\u021be s\u0103 utilizeze acest instrument analitic de statistic\u0103 pentru a urm\u0103ri sau pentru a colecta orice fel de informa\u021bii identificabile cu caracter personal cu privire la vizitatorii acestui site.<\/strong> Google poate transfera informa\u021biile colectate de Google Analytics c\u0103tre o ter\u021b\u0103 parte atunci c\u00e2nd legisla\u021bia impune acest lucru sau atunci c\u00e2nd respectiva ter\u021b\u0103 parte prelucreaz\u0103 informa\u021biile \u00een numele Google.<\/p>\n\n<p>\u00cen conformitate cu condi\u021biile de utilizare ale Google Analytics, Google nu va asocia adresa dumneavoastr\u0103 IP cu niciun fel de alte date de\u021binute de Google.<\/p>\n\n<p><strong>Pute\u021bi refuza utilizarea cookie-urilor Google Analytics desc\u0103rc\u00e2nd \u0219i instal\u00e2nd Google Analytics Opt-out Browser Add-on.<\/strong> Acest program comunic\u0103 cu Google Analytics JavaScript (ga.js) \u0219i indic\u0103 faptul c\u0103 informa\u021biile referitoare la vizitarea site-ului nu trebuie s\u0103 fie trimise c\u0103tre Google Analytics.<\/p>\n\n<p>Cookie-urile sunt de asemenea utilizate pentru a \u00eenregistra dac\u0103 a\u021bi fost de acord (sau nu) cu utilizarea cookie-urilor pe acest site, pentru a nu vi se adresa aceea\u0219i \u00eentrebare de fiecare dat\u0103 c\u00e2nd vizita\u021bi site-ul.<\/p>\n\n<p><strong>CUM POT FI CONTROLATE COOKIE-URILE?<\/strong><\/p>\n\n<p>Pute\u021bi controla \u0219i\/sau \u0219terge cookie-uri dup\u0103 cum dori\u021bi. Pute\u021bi \u0219terge toate cookie-urile care sunt deja pe calculatorul dumneavoastr\u0103 \u0219i pute\u021bi configura majoritatea browserelor s\u0103 \u00eempiedice plasarea acestora.<\/p>\n\n<p><strong>GESTIONAREA COOKIE-URILOR IN BROWSERUL DUMNEAVOASTRA<\/strong><\/p>\n\n<p>Majoritatea browserelor v\u0103 permit:<\/p>\n\n<ul class=\"wp-block-list\">\n<li>s\u0103 vede\u021bi ce cookie-uri ave\u021bi \u0219i s\u0103 le \u0219terge\u021bi \u00een mod individual<\/li>\n\n\n\n<li>s\u0103 bloca\u021bi cookie-uri ale unor ter\u021be p\u0103r\u021bi<\/li>\n\n\n\n<li>s\u0103 bloca\u021bi cookie-uri ale anumitor site-uri<\/li>\n\n\n\n<li>s\u0103 bloca\u021bi setarea tuturor cookie-urilor<\/li>\n\n\n\n<li>s\u0103 \u0219terge\u021bi toate cookie-urile atunci c\u00e2nd \u00eenchide\u021bi browserul<\/li>\n<\/ul>\n\n<p>Dac\u0103 opta\u021bi pentru \u0219tergerea cookie-urilor, trebuie s\u0103 ave\u021bi \u00een vedere c\u0103 eventualele preferin\u021be se vor pierde. De asemenea, dac\u0103 bloca\u021bi cookie-urile complet, numeroase site-uri (inclusiv al nostru) nu vor func\u021biona \u00een mod adecvat, iar transmisiunile pe internet nu vor func\u021biona deloc. Din aceste motive, nu v\u0103 recomand\u0103m s\u0103 bloca\u021bi complet cookie-urile atunci c\u00e2nd utiliza\u021bi serviciile noastre de transmisiuni pe internet.<\/p>\n\n<p>Alege browser-ul t\u0103u din lista de mai jos pentru a afi\u015fa instruc\u0163iunile pe care trebuie s\u0103 le parcurgi dup\u0103 deschiderea browser-ului.<\/p>\n\n<p><strong>BROWSERE PENTRU CALCULATOR:<\/strong><\/p>\n\n<p><strong>Microsoft Internet Explorer 6\/7\/8 (sistem de operare Windows XP\/Vista)<\/strong><\/p>\n\n<ul class=\"wp-block-list\">\n<li>selecteaz\u0103 Instrumente din bara principal\u0103, apoi Op\u0163iuni Internet<\/li>\n\n\n\n<li>f\u0103 click pe Confiden\u0163ialitate<\/li>\n\n\n\n<li>alege set\u0103rile pe care le dore\u015fti.<\/li>\n\n\n\n<li>f\u0103 click pe OK pentru a salva set\u0103rile<\/li>\n<\/ul>\n\n<p><strong>Microsoft Internet Explorer 8\/9 (sistem de operare Windows 7)<\/strong><\/p>\n\n<ul class=\"wp-block-list\">\n<li>f\u0103 click pe pictograma Set\u0103ri(dreapta sus)<\/li>\n\n\n\n<li>f\u0103 click pe Op\u0163iuni Internet<\/li>\n\n\n\n<li>click pe Confiden\u0163ialitate \u015fi apoi alege op\u0163iunile<\/li>\n\n\n\n<li>click pe Aplicare \u015fi apoi pe OK pentru salvarea preferin\u0163elor<\/li>\n<\/ul>\n\n<p><strong>Google Chrome<\/strong><\/p>\n\n<ul class=\"wp-block-list\">\n<li>f\u0103 click pe pictograma cheie \u0219i selecteaz\u0103 Op\u021biuni din list\u0103<\/li>\n\n\n\n<li>click pe tabul \u201dSetari avansate\u201d<\/li>\n\n\n\n<li>f\u0103 click pe Set\u0103ri privind con\u021binutul din sec\u021biunea Confiden\u021bialitate.<\/li>\n\n\n\n<li>alege set\u0103rile pe care le dore\u015fti<\/li>\n\n\n\n<li>click pe X pentru a \u00eenchide<\/li>\n<\/ul>\n\n<p><strong>Safari<\/strong><\/p>\n\n<ul class=\"wp-block-list\">\n<li>alege Preferin\u0163e<\/li>\n\n\n\n<li>f\u0103 click pe panoul de confidentialitate<\/li>\n\n\n\n<li>alege set\u0103rile pe care le dore\u015fti<\/li>\n\n\n\n<li>click pe X pentru a \u00eenchide<\/li>\n<\/ul>\n\n<p><strong>Mozilla Firefox<\/strong><\/p>\n\n<ul class=\"wp-block-list\">\n<li>selecteaz\u0103 Instrumente din bara principala, apoi Op\u0163iuni<\/li>\n\n\n\n<li>click pe tabul Confiden\u0163ialitate<\/li>\n\n\n\n<li>alege set\u0103rile pe care le dore\u015fti<\/li>\n\n\n\n<li>click pe OK pentru a \u00eenchide<\/li>\n<\/ul>\n\n<p><strong>BROWSERE PENTRU TELEFONUL MOBIL:<\/strong><\/p>\n\n<p><strong>sistem de operare iOS<\/strong><\/p>\n\n<ul class=\"wp-block-list\">\n<li>din ecranul de pornire, selecteaz\u0103 Set\u0103ri<\/li>\n\n\n\n<li>alege Safari<\/li>\n\n\n\n<li>d\u0103 click pe Accept Cookies<\/li>\n\n\n\n<li>alege set\u0103rile preferate<\/li>\n<\/ul>\n\n<p><strong>sistem de operare Android<\/strong><\/p>\n\n<ul class=\"wp-block-list\">\n<li>porne\u015fte browserul<\/li>\n\n\n\n<li>selecteaz\u0103 Meniu<\/li>\n\n\n\n<li>alege op\u0163iunea Mai mult, apoi Set\u0103ri<\/li>\n\n\n\n<li>bifeaz\u0103 sau debifeaz\u0103 Accept cookie-uri,\u00een func\u0163ie de preferin\u0163e<\/li>\n<\/ul>\n\n<p><strong>sistem de operare Windows Phone<\/strong><\/p>\n\n<ul class=\"wp-block-list\">\n<li>din ecranul de start, f\u0103 click pe s\u0103geata din dreapta a telefonului<\/li>\n\n\n\n<li>bifeaz\u0103 sau debifeaz\u0103 Accept cookie-uri, \u00een func\u0163ie de preferin\u0163e<\/li>\n\n\n\n<li>deruleaz\u0103 \u00een jos p\u00e2n\u0103 la Set\u0103ri<\/li>\n\n\n\n<li>treceti peste \u0219i selecteaz\u0103 Internet Explorer<\/li>\n<\/ul>\n\n<p><\/p>\n","protected":false},"excerpt":{"rendered":"<p>WHAT ARE COOKIES? Un cookie este un mic fi\u0219ier-text pe care un site \u00eel salveaz\u0103 pe calculatorul sau dispozitivul dumneavoastr\u0103 [&hellip;]<\/p>\n","protected":false},"author":4,"featured_media":0,"parent":0,"menu_order":0,"comment_status":"closed","ping_status":"closed","template":"","meta":{"site-sidebar-layout":"default","site-content-layout":"","ast-site-content-layout":"default","site-content-style":"default","site-sidebar-style":"default","ast-global-header-display":"","ast-banner-title-visibility":"","ast-main-header-display":"","ast-hfb-above-header-display":"","ast-hfb-below-header-display":"","ast-hfb-mobile-header-display":"","site-post-title":"","ast-breadcrumbs-content":"","ast-featured-img":"","footer-sml-layout":"","ast-disable-related-posts":"","theme-transparent-header-meta":"","adv-header-id-meta":"","stick-header-meta":"","header-above-stick-meta":"","header-main-stick-meta":"","header-below-stick-meta":"","astra-migrate-meta-layouts":"default","ast-page-background-enabled":"default","ast-page-background-meta":{"desktop":{"background-color":"var(--ast-global-color-4)","background-image":"","background-repeat":"repeat","background-position":"center center","background-size":"auto","background-attachment":"scroll","background-type":"","background-media":"","overlay-type":"","overlay-color":"","overlay-opacity":"","overlay-gradient":""},"tablet":{"background-color":"","background-image":"","background-repeat":"repeat","background-position":"center center","background-size":"auto","background-attachment":"scroll","background-type":"","background-media":"","overlay-type":"","overlay-color":"","overlay-opacity":"","overlay-gradient":""},"mobile":{"background-color":"","background-image":"","background-repeat":"repeat","background-position":"center center","background-size":"auto","background-attachment":"scroll","background-type":"","background-media":"","overlay-type":"","overlay-color":"","overlay-opacity":"","overlay-gradient":""}},"ast-content-background-meta":{"desktop":{"background-color":"var(--ast-global-color-5)","background-image":"","background-repeat":"repeat","background-position":"center center","background-size":"auto","background-attachment":"scroll","background-type":"","background-media":"","overlay-type":"","overlay-color":"","overlay-opacity":"","overlay-gradient":""},"tablet":{"background-color":"var(--ast-global-color-5)","background-image":"","background-repeat":"repeat","background-position":"center center","background-size":"auto","background-attachment":"scroll","background-type":"","background-media":"","overlay-type":"","overlay-color":"","overlay-opacity":"","overlay-gradient":""},"mobile":{"background-color":"var(--ast-global-color-5)","background-image":"","background-repeat":"repeat","background-position":"center center","background-size":"auto","background-attachment":"scroll","background-type":"","background-media":"","overlay-type":"","overlay-color":"","overlay-opacity":"","overlay-gradient":""}},"footnotes":""},"categories":[],"tags":[],"class_list":["post-9083","page","type-page","status-publish","hentry"],"yoast_head":"<!-- This site is optimized with the Yoast SEO plugin v27.3 - https:\/\/yoast.com\/product\/yoast-seo-wordpress\/ -->\n<title>Cookies - Cotraco<\/title>\n<meta name=\"robots\" content=\"index, follow, max-snippet:-1, max-image-preview:large, max-video-preview:-1\" \/>\n<link rel=\"canonical\" href=\"https:\/\/cotraco.ro\/en\/cookies\/\" \/>\n<meta property=\"og:locale\" content=\"en_US\" \/>\n<meta property=\"og:type\" content=\"article\" \/>\n<meta property=\"og:title\" content=\"Cookies - Cotraco\" \/>\n<meta property=\"og:description\" content=\"WHAT ARE COOKIES? Un cookie este un mic fi\u0219ier-text pe care un site \u00eel salveaz\u0103 pe calculatorul sau dispozitivul dumneavoastr\u0103 [&hellip;]\" \/>\n<meta property=\"og:url\" content=\"https:\/\/cotraco.ro\/en\/cookies\/\" \/>\n<meta property=\"og:site_name\" content=\"Cotraco\" \/>\n<meta property=\"article:modified_time\" content=\"2025-04-16T16:37:56+00:00\" \/>\n<meta name=\"twitter:card\" content=\"summary_large_image\" \/>\n<meta name=\"twitter:label1\" content=\"Est. reading time\" \/>\n\t<meta name=\"twitter:data1\" content=\"4 minutes\" \/>\n<script type=\"application\/ld+json\" class=\"yoast-schema-graph\">{\"@context\":\"https:\\\/\\\/schema.org\",\"@graph\":[{\"@type\":\"WebPage\",\"@id\":\"https:\\\/\\\/cotraco.ro\\\/en\\\/cookies\\\/\",\"url\":\"https:\\\/\\\/cotraco.ro\\\/en\\\/cookies\\\/\",\"name\":\"Cookies - Cotraco\",\"isPartOf\":{\"@id\":\"https:\\\/\\\/cotraco.ro\\\/#website\"},\"datePublished\":\"2025-04-16T16:33:23+00:00\",\"dateModified\":\"2025-04-16T16:37:56+00:00\",\"breadcrumb\":{\"@id\":\"https:\\\/\\\/cotraco.ro\\\/en\\\/cookies\\\/#breadcrumb\"},\"inLanguage\":\"en-US\",\"potentialAction\":[{\"@type\":\"ReadAction\",\"target\":[\"https:\\\/\\\/cotraco.ro\\\/en\\\/cookies\\\/\"]}]},{\"@type\":\"BreadcrumbList\",\"@id\":\"https:\\\/\\\/cotraco.ro\\\/en\\\/cookies\\\/#breadcrumb\",\"itemListElement\":[{\"@type\":\"ListItem\",\"position\":1,\"name\":\"Prima pagin\u0103\",\"item\":\"https:\\\/\\\/cotraco.ro\\\/en\\\/\"},{\"@type\":\"ListItem\",\"position\":2,\"name\":\"Cookies\"}]},{\"@type\":\"WebSite\",\"@id\":\"https:\\\/\\\/cotraco.ro\\\/#website\",\"url\":\"https:\\\/\\\/cotraco.ro\\\/\",\"name\":\"Cotraco\",\"description\":\"Partenerul t\u0103u de \u00eencredere\",\"publisher\":{\"@id\":\"https:\\\/\\\/cotraco.ro\\\/#organization\"},\"potentialAction\":[{\"@type\":\"SearchAction\",\"target\":{\"@type\":\"EntryPoint\",\"urlTemplate\":\"https:\\\/\\\/cotraco.ro\\\/?s={search_term_string}\"},\"query-input\":{\"@type\":\"PropertyValueSpecification\",\"valueRequired\":true,\"valueName\":\"search_term_string\"}}],\"inLanguage\":\"en-US\"},{\"@type\":\"Organization\",\"@id\":\"https:\\\/\\\/cotraco.ro\\\/#organization\",\"name\":\"Cotraco\",\"url\":\"https:\\\/\\\/cotraco.ro\\\/\",\"logo\":{\"@type\":\"ImageObject\",\"inLanguage\":\"en-US\",\"@id\":\"https:\\\/\\\/cotraco.ro\\\/#\\\/schema\\\/logo\\\/image\\\/\",\"url\":\"https:\\\/\\\/cotraco.ro\\\/wp-content\\\/uploads\\\/2024\\\/11\\\/Cotraco-sigla-companiei.webp\",\"contentUrl\":\"https:\\\/\\\/cotraco.ro\\\/wp-content\\\/uploads\\\/2024\\\/11\\\/Cotraco-sigla-companiei.webp\",\"width\":1614,\"height\":434,\"caption\":\"Cotraco\"},\"image\":{\"@id\":\"https:\\\/\\\/cotraco.ro\\\/#\\\/schema\\\/logo\\\/image\\\/\"}}]}<\/script>\n<!-- \/ Yoast SEO plugin. -->","yoast_head_json":{"title":"Cookies - Cotraco","robots":{"index":"index","follow":"follow","max-snippet":"max-snippet:-1","max-image-preview":"max-image-preview:large","max-video-preview":"max-video-preview:-1"},"canonical":"https:\/\/cotraco.ro\/en\/cookies\/","og_locale":"en_US","og_type":"article","og_title":"Cookies - Cotraco","og_description":"WHAT ARE COOKIES? Un cookie este un mic fi\u0219ier-text pe care un site \u00eel salveaz\u0103 pe calculatorul sau dispozitivul dumneavoastr\u0103 [&hellip;]","og_url":"https:\/\/cotraco.ro\/en\/cookies\/","og_site_name":"Cotraco","article_modified_time":"2025-04-16T16:37:56+00:00","twitter_card":"summary_large_image","twitter_misc":{"Est. reading time":"4 minutes"},"schema":{"@context":"https:\/\/schema.org","@graph":[{"@type":"WebPage","@id":"https:\/\/cotraco.ro\/en\/cookies\/","url":"https:\/\/cotraco.ro\/en\/cookies\/","name":"Cookies - Cotraco","isPartOf":{"@id":"https:\/\/cotraco.ro\/#website"},"datePublished":"2025-04-16T16:33:23+00:00","dateModified":"2025-04-16T16:37:56+00:00","breadcrumb":{"@id":"https:\/\/cotraco.ro\/en\/cookies\/#breadcrumb"},"inLanguage":"en-US","potentialAction":[{"@type":"ReadAction","target":["https:\/\/cotraco.ro\/en\/cookies\/"]}]},{"@type":"BreadcrumbList","@id":"https:\/\/cotraco.ro\/en\/cookies\/#breadcrumb","itemListElement":[{"@type":"ListItem","position":1,"name":"Prima pagin\u0103","item":"https:\/\/cotraco.ro\/en\/"},{"@type":"ListItem","position":2,"name":"Cookies"}]},{"@type":"WebSite","@id":"https:\/\/cotraco.ro\/#website","url":"https:\/\/cotraco.ro\/","name":"Cotraco","description":"Partenerul t\u0103u de \u00eencredere","publisher":{"@id":"https:\/\/cotraco.ro\/#organization"},"potentialAction":[{"@type":"SearchAction","target":{"@type":"EntryPoint","urlTemplate":"https:\/\/cotraco.ro\/?s={search_term_string}"},"query-input":{"@type":"PropertyValueSpecification","valueRequired":true,"valueName":"search_term_string"}}],"inLanguage":"en-US"},{"@type":"Organization","@id":"https:\/\/cotraco.ro\/#organization","name":"Cotraco","url":"https:\/\/cotraco.ro\/","logo":{"@type":"ImageObject","inLanguage":"en-US","@id":"https:\/\/cotraco.ro\/#\/schema\/logo\/image\/","url":"https:\/\/cotraco.ro\/wp-content\/uploads\/2024\/11\/Cotraco-sigla-companiei.webp","contentUrl":"https:\/\/cotraco.ro\/wp-content\/uploads\/2024\/11\/Cotraco-sigla-companiei.webp","width":1614,"height":434,"caption":"Cotraco"},"image":{"@id":"https:\/\/cotraco.ro\/#\/schema\/logo\/image\/"}}]}},"_links":{"self":[{"href":"https:\/\/cotraco.ro\/en\/wp-json\/wp\/v2\/pages\/9083","targetHints":{"allow":["GET"]}}],"collection":[{"href":"https:\/\/cotraco.ro\/en\/wp-json\/wp\/v2\/pages"}],"about":[{"href":"https:\/\/cotraco.ro\/en\/wp-json\/wp\/v2\/types\/page"}],"author":[{"embeddable":true,"href":"https:\/\/cotraco.ro\/en\/wp-json\/wp\/v2\/users\/4"}],"replies":[{"embeddable":true,"href":"https:\/\/cotraco.ro\/en\/wp-json\/wp\/v2\/comments?post=9083"}],"version-history":[{"count":2,"href":"https:\/\/cotraco.ro\/en\/wp-json\/wp\/v2\/pages\/9083\/revisions"}],"predecessor-version":[{"id":9087,"href":"https:\/\/cotraco.ro\/en\/wp-json\/wp\/v2\/pages\/9083\/revisions\/9087"}],"wp:attachment":[{"href":"https:\/\/cotraco.ro\/en\/wp-json\/wp\/v2\/media?parent=9083"}],"wp:term":[{"taxonomy":"category","embeddable":true,"href":"https:\/\/cotraco.ro\/en\/wp-json\/wp\/v2\/categories?post=9083"},{"taxonomy":"post_tag","embeddable":true,"href":"https:\/\/cotraco.ro\/en\/wp-json\/wp\/v2\/tags?post=9083"}],"curies":[{"name":"wp","href":"https:\/\/api.w.org\/{rel}","templated":true}]}}