{"id":7217,"date":"2025-02-19T21:23:29","date_gmt":"2025-02-19T21:23:29","guid":{"rendered":"https:\/\/cotraco.ro\/new_website\/steel-wire-ropes-standard-construction-6x19fcwsc-7x19\/"},"modified":"2025-02-19T21:23:58","modified_gmt":"2025-02-19T21:23:58","slug":"steel-wire-ropes-standard-construction-6x19fcwsc-7x19","status":"publish","type":"page","link":"https:\/\/cotraco.ro\/en\/steel-wire-ropes-standard-construction-6x19fcwsc-7x19\/","title":{"rendered":"Steel wire ropes, standard construction 6\u00d719+FC+WSC (7\u00d719)"},"content":{"rendered":"\t\t<div data-elementor-type=\"wp-page\" data-elementor-id=\"7217\" class=\"elementor elementor-7217 elementor-7205\" data-elementor-post-type=\"page\">\n\t\t\t\t<div class=\"elementor-element elementor-element-00e7f3a e-flex e-con-boxed e-con e-parent\" data-id=\"00e7f3a\" data-element_type=\"container\" data-e-type=\"container\" data-settings=\"{&quot;background_background&quot;:&quot;classic&quot;}\">\n\t\t\t\t\t<div class=\"e-con-inner\">\n\t\t<div class=\"elementor-element elementor-element-88c63bd e-con-full e-flex e-con e-child\" data-id=\"88c63bd\" data-element_type=\"container\" data-e-type=\"container\">\n\t\t\t\t<div class=\"elementor-element elementor-element-f8a644e elementor-widget elementor-widget-heading\" data-id=\"f8a644e\" data-element_type=\"widget\" data-e-type=\"widget\" data-widget_type=\"heading.default\">\n\t\t\t\t<div class=\"elementor-widget-container\">\n\t\t\t\t\t<h2 class=\"elementor-heading-title elementor-size-default\">Wire Ropes<\/h2>\t\t\t\t<\/div>\n\t\t\t\t<\/div>\n\t\t\t\t<\/div>\n\t\t\t\t\t<\/div>\n\t\t\t\t<\/div>\n\t\t<div class=\"elementor-element elementor-element-ec93ea4 e-grid e-con-boxed e-con e-parent\" data-id=\"ec93ea4\" data-element_type=\"container\" data-e-type=\"container\" data-settings=\"{&quot;background_background&quot;:&quot;classic&quot;}\">\n\t\t\t\t\t<div class=\"e-con-inner\">\n\t\t<div class=\"elementor-element elementor-element-4af9032 e-con-full e-flex e-con e-child\" data-id=\"4af9032\" data-element_type=\"container\" data-e-type=\"container\">\n\t\t\t\t<div class=\"elementor-element elementor-element-2aac071 elementor-widget elementor-widget-heading\" data-id=\"2aac071\" data-element_type=\"widget\" data-e-type=\"widget\" data-widget_type=\"heading.default\">\n\t\t\t\t<div class=\"elementor-widget-container\">\n\t\t\t\t\t<h1 class=\"elementor-heading-title elementor-size-default\">Steel wire ropes, standard construction 6\u00d719+FC+WSC (7\u00d719)<\/h1>\t\t\t\t<\/div>\n\t\t\t\t<\/div>\n\t\t\t\t<\/div>\n\t\t\t\t\t<\/div>\n\t\t\t\t<\/div>\n\t\t<div class=\"elementor-element elementor-element-133cb9d e-flex e-con-boxed e-con e-parent\" data-id=\"133cb9d\" data-element_type=\"container\" data-e-type=\"container\" data-settings=\"{&quot;background_background&quot;:&quot;classic&quot;}\">\n\t\t\t\t\t<div class=\"e-con-inner\">\n\t\t<div class=\"elementor-element elementor-element-1443afa e-con-full e-flex e-con e-child\" data-id=\"1443afa\" data-element_type=\"container\" data-e-type=\"container\">\n\t\t<div class=\"elementor-element elementor-element-d11aa5a e-con-full e-flex e-con e-child\" data-id=\"d11aa5a\" data-element_type=\"container\" data-e-type=\"container\">\n\t\t\t\t<div class=\"elementor-element elementor-element-fc370e7 elementor-widget elementor-widget-heading\" data-id=\"fc370e7\" data-element_type=\"widget\" data-e-type=\"widget\" data-widget_type=\"heading.default\">\n\t\t\t\t<div class=\"elementor-widget-container\">\n\t\t\t\t\t<h3 class=\"elementor-heading-title elementor-size-default\">Product details<\/h3>\t\t\t\t<\/div>\n\t\t\t\t<\/div>\n\t\t\t\t<div class=\"elementor-element elementor-element-c8c057c elementor-widget elementor-widget-text-editor\" data-id=\"c8c057c\" data-element_type=\"widget\" data-e-type=\"widget\" data-widget_type=\"text-editor.default\">\n\t\t\t\t<div class=\"elementor-widget-container\">\n\t\t\t\t\t\t\t\t\t<p>Semi-flexible steel cable, obtained by wrapping 6 strands of construction 1\u00d719 around a core strand of cable construction 1\u00d719. Quality and delivery conditions according to:<\/p>\n<ul> \t<\/p>\n<li>EN 12385-4, resistance class 1770 N\/mm\u00b2, in galvanized or matte condition.<\/li>\n<p> \t<\/p>\n<li>ISO 2408 \u2013 Stainless steel (AISI 316) in the resistance class 1570 N\/mm\u00b2<\/li>\n<p><\/ul>\n\t\t\t\t\t\t\t\t<\/div>\n\t\t\t\t<\/div>\n\t\t\t\t<div class=\"elementor-element elementor-element-88af797 elementor-align-left elementor-widget elementor-widget-button\" data-id=\"88af797\" data-element_type=\"widget\" data-e-type=\"widget\" data-widget_type=\"button.default\">\n\t\t\t\t<div class=\"elementor-widget-container\">\n\t\t\t\t\t\t\t\t\t<div class=\"elementor-button-wrapper\">\n\t\t\t\t\t<a class=\"elementor-button elementor-button-link elementor-size-sm\" href=\"#\">\n\t\t\t\t\t\t<span class=\"elementor-button-content-wrapper\">\n\t\t\t\t\t\t<span class=\"elementor-button-icon\">\n\t\t\t\t<svg aria-hidden=\"true\" class=\"e-font-icon-svg e-fas-file-download\" viewBox=\"0 0 384 512\" xmlns=\"http:\/\/www.w3.org\/2000\/svg\"><path d=\"M224 136V0H24C10.7 0 0 10.7 0 24v464c0 13.3 10.7 24 24 24h336c13.3 0 24-10.7 24-24V160H248c-13.2 0-24-10.8-24-24zm76.45 211.36l-96.42 95.7c-6.65 6.61-17.39 6.61-24.04 0l-96.42-95.7C73.42 337.29 80.54 320 94.82 320H160v-80c0-8.84 7.16-16 16-16h32c8.84 0 16 7.16 16 16v80h65.18c14.28 0 21.4 17.29 11.27 27.36zM377 105L279.1 7c-4.5-4.5-10.6-7-17-7H256v128h128v-6.1c0-6.3-2.5-12.4-7-16.9z\"><\/path><\/svg>\t\t\t<\/span>\n\t\t\t\t\t\t\t\t\t<span class=\"elementor-button-text\">Technical data sheet<\/span>\n\t\t\t\t\t<\/span>\n\t\t\t\t\t<\/a>\n\t\t\t\t<\/div>\n\t\t\t\t\t\t\t\t<\/div>\n\t\t\t\t<\/div>\n\t\t\t\t<\/div>\n\t\t\t\t<\/div>\n\t\t<div class=\"elementor-element elementor-element-467ed80 e-con-full e-flex e-con e-child\" data-id=\"467ed80\" data-element_type=\"container\" data-e-type=\"container\">\n\t\t\t\t<div class=\"elementor-element elementor-element-e468725 elementor-arrows-position-inside elementor-pagination-position-outside elementor-widget elementor-widget-image-carousel\" data-id=\"e468725\" data-element_type=\"widget\" data-e-type=\"widget\" data-settings=\"{&quot;slides_to_show&quot;:&quot;1&quot;,&quot;navigation&quot;:&quot;both&quot;,&quot;autoplay&quot;:&quot;yes&quot;,&quot;pause_on_hover&quot;:&quot;yes&quot;,&quot;pause_on_interaction&quot;:&quot;yes&quot;,&quot;autoplay_speed&quot;:5000,&quot;infinite&quot;:&quot;yes&quot;,&quot;effect&quot;:&quot;slide&quot;,&quot;speed&quot;:500}\" data-widget_type=\"image-carousel.default\">\n\t\t\t\t<div class=\"elementor-widget-container\">\n\t\t\t\t\t\t\t<div class=\"elementor-image-carousel-wrapper swiper\" role=\"region\" aria-roledescription=\"carousel\" aria-label=\"Carusel de imagini\" dir=\"ltr\">\n\t\t\t<div class=\"elementor-image-carousel swiper-wrapper\" aria-live=\"off\">\n\t\t\t\t\t\t\t\t<div class=\"swiper-slide\" role=\"group\" aria-roledescription=\"slide\" aria-label=\"1 of 1\"><figure class=\"swiper-slide-inner\"><img decoding=\"async\" class=\"swiper-slide-image\" src=\"https:\/\/cotraco.ro\/wp-content\/uploads\/2025\/02\/7x19.png\" alt=\"7x19\" \/><\/figure><\/div>\t\t\t<\/div>\n\t\t\t\t\t<\/div>\n\t\t\t\t\t\t<\/div>\n\t\t\t\t<\/div>\n\t\t\t\t<\/div>\n\t\t\t\t\t<\/div>\n\t\t\t\t<\/div>\n\t\t<div class=\"elementor-element elementor-element-63287d0 e-flex e-con-boxed e-con e-parent\" data-id=\"63287d0\" data-element_type=\"container\" data-e-type=\"container\" data-settings=\"{&quot;background_background&quot;:&quot;classic&quot;}\">\n\t\t\t\t\t<div class=\"e-con-inner\">\n\t\t<div class=\"elementor-element elementor-element-5e5f85e e-con-full e-flex e-con e-child\" data-id=\"5e5f85e\" data-element_type=\"container\" data-e-type=\"container\">\n\t\t\t\t<div class=\"elementor-element elementor-element-feae6b8 elementor-widget elementor-widget-heading\" data-id=\"feae6b8\" data-element_type=\"widget\" data-e-type=\"widget\" data-widget_type=\"heading.default\">\n\t\t\t\t<div class=\"elementor-widget-container\">\n\t\t\t\t\t<h3 class=\"elementor-heading-title elementor-size-default\">Other common names<\/h3>\t\t\t\t<\/div>\n\t\t\t\t<\/div>\n\t\t\t\t<div class=\"elementor-element elementor-element-1a608d7 elementor-widget elementor-widget-text-editor\" data-id=\"1a608d7\" data-element_type=\"widget\" data-e-type=\"widget\" data-widget_type=\"text-editor.default\">\n\t\t\t\t<div class=\"elementor-widget-container\">\n\t\t\t\t\t\t\t\t\t<p>Semi-flexible cable with a metal core.<\/p>\n\t\t\t\t\t\t\t\t<\/div>\n\t\t\t\t<\/div>\n\t\t\t\t<div class=\"elementor-element elementor-element-5d1d1f7 elementor-widget elementor-widget-heading\" data-id=\"5d1d1f7\" data-element_type=\"widget\" data-e-type=\"widget\" data-widget_type=\"heading.default\">\n\t\t\t\t<div class=\"elementor-widget-container\">\n\t\t\t\t\t<h3 class=\"elementor-heading-title elementor-size-default\">Technical details<\/h3>\t\t\t\t<\/div>\n\t\t\t\t<\/div>\n\t\t\t\t<div class=\"elementor-element elementor-element-2452037 elementor-widget elementor-widget-html\" data-id=\"2452037\" data-element_type=\"widget\" data-e-type=\"widget\" data-widget_type=\"html.default\">\n\t\t\t\t<div class=\"elementor-widget-container\">\n\t\t\t\t\t<table>\r\n        <tbody>\r\n            <tr>\r\n                <td>Nominal diameter<\/td>\r\n                <td>Unit weight<\/td>\r\n                <td>Minimum breaking load<\/td>\r\n            <\/tr>\r\n            <tr>\r\n                <td>[mm]<\/td>\r\n                <td>[kg\/m]<\/td>\r\n                <td>1770N\/mm2 [kN]<\/td>\r\n            <\/tr>\r\n            <tr>\r\n                <td>3<\/td>\r\n                <td>0.034<\/td>\r\n                <td>5.77<\/td>\r\n            <\/tr>\r\n            <tr>\r\n                <td>4<\/td>\r\n                <td>0.061<\/td>\r\n                <td>10.25<\/td>\r\n            <\/tr>\r\n            <tr>\r\n                <td>5<\/td>\r\n                <td>0.095<\/td>\r\n                <td>16.02<\/td>\r\n            <\/tr>\r\n            <tr>\r\n                <td>6<\/td>\r\n                <td>0.137<\/td>\r\n                <td>23.07<\/td>\r\n            <\/tr>\r\n            <tr>\r\n                <td>7<\/td>\r\n                <td>0.187<\/td>\r\n                <td>31.4<\/td>\r\n            <\/tr>\r\n            <tr>\r\n                <td>8<\/td>\r\n                <td>0.244<\/td>\r\n                <td>41.01<\/td>\r\n            <\/tr>\r\n            <tr>\r\n                <td>9<\/td>\r\n                <td>0.309<\/td>\r\n                <td>51.9<\/td>\r\n            <\/tr>\r\n            <tr>\r\n                <td>10<\/td>\r\n                <td>0.381<\/td>\r\n                <td>64.07<\/td>\r\n            <\/tr>\r\n            <tr>\r\n                <td>11<\/td>\r\n                <td>0.461<\/td>\r\n                <td>77.53<\/td>\r\n            <\/tr>\r\n            <tr>\r\n                <td>12<\/td>\r\n                <td>0.549<\/td>\r\n                <td>92.27<\/td>\r\n            <\/tr>\r\n            <tr>\r\n                <td>13<\/td>\r\n                <td>0.644<\/td>\r\n                <td>108.29<\/td>\r\n            <\/tr>\r\n            <tr>\r\n                <td>14<\/td>\r\n                <td>0.747<\/td>\r\n                <td>125.59<\/td>\r\n            <\/tr>\r\n            <tr>\r\n                <td>16<\/td>\r\n                <td>0.975<\/td>\r\n                <td>164.03<\/td>\r\n            <\/tr>\r\n            <tr>\r\n                <td>17<\/td>\r\n                <td>1.101<\/td>\r\n                <td>185.17<\/td>\r\n            <\/tr>\r\n            <tr>\r\n                <td>18<\/td>\r\n                <td>1.234<\/td>\r\n                <td>207.6<\/td>\r\n            <\/tr>\r\n            <tr>\r\n                <td>19<\/td>\r\n                <td>1.375<\/td>\r\n                <td>231.31<\/td>\r\n            <\/tr>\r\n            <tr>\r\n                <td>20<\/td>\r\n                <td>1.524<\/td>\r\n                <td>256.3<\/td>\r\n            <\/tr>\r\n            <tr>\r\n                <td>22<\/td>\r\n                <td>1.844<\/td>\r\n                <td>310.12<\/td>\r\n            <\/tr>\r\n            <tr>\r\n                <td>23<\/td>\r\n                <td>2.015<\/td>\r\n                <td>338.95<\/td>\r\n            <\/tr>\r\n            <tr>\r\n                <td>24<\/td>\r\n                <td>2.195<\/td>\r\n                <td>369.07<\/td>\r\n            <\/tr>\r\n            <tr>\r\n                <td>25<\/td>\r\n                <td>2.381<\/td>\r\n                <td>400.46<\/td>\r\n            <\/tr>\r\n            <tr>\r\n                <td>26<\/td>\r\n                <td>2.576<\/td>\r\n                <td>433.14<\/td>\r\n            <\/tr>\r\n            <tr>\r\n                <td>27<\/td>\r\n                <td>2.777<\/td>\r\n                <td>467.1<\/td>\r\n            <\/tr>\r\n            <tr>\r\n                <td>28<\/td>\r\n                <td>2.987<\/td>\r\n                <td>502.34<\/td>\r\n            <\/tr>\r\n            <tr>\r\n                <td>30<\/td>\r\n                <td>3.429<\/td>\r\n                <td>576.67<\/td>\r\n            <\/tr>\r\n            <tr>\r\n                <td>31<\/td>\r\n                <td>3.661<\/td>\r\n                <td>615.75<\/td>\r\n            <\/tr>\r\n            <tr>\r\n                <td>32<\/td>\r\n                <td>3.901<\/td>\r\n                <td>656.12<\/td>\r\n            <\/tr>\r\n            <tr>\r\n                <td>37<\/td>\r\n                <td>4.404<\/td>\r\n                <td>740.7<\/td>\r\n            <\/tr>\r\n            <tr>\r\n                <td>36<\/td>\r\n                <td>4.938<\/td>\r\n                <td>830.4<\/td>\r\n            <\/tr>\r\n            <tr>\r\n                <td>38<\/td>\r\n                <td>5.502<\/td>\r\n                <td>925.23<\/td>\r\n            <\/tr>\r\n            <tr>\r\n                <td>40<\/td>\r\n                <td>6.096<\/td>\r\n                <td>1025.18<\/td>\r\n            <\/tr>\r\n            <tr>\r\n                <td>44<\/td>\r\n                <td>7.376<\/td>\r\n                <td>1240.47<\/td>\r\n            <\/tr>\r\n            <tr>\r\n                <td>48<\/td>\r\n                <td>8.778<\/td>\r\n                <td>1476.26<\/td>\r\n            <\/tr>\r\n            <tr>\r\n                <td>50<\/td>\r\n                <td>9.525<\/td>\r\n                <td>1601.85<\/td>\r\n            <\/tr>\r\n        <\/tbody>\r\n    <\/table>\t\t\t\t<\/div>\n\t\t\t\t<\/div>\n\t\t\t\t<\/div>\n\t\t\t\t\t<\/div>\n\t\t\t\t<\/div>\n\t\t\t\t<\/div>\n\t\t","protected":false},"excerpt":{"rendered":"<p>Wire Ropes Steel wire ropes, standard construction 6\u00d719+FC+WSC (7\u00d719) Product details Semi-flexible steel cable, obtained by wrapping 6 strands of [&hellip;]<\/p>\n","protected":false},"author":4,"featured_media":7207,"parent":0,"menu_order":0,"comment_status":"closed","ping_status":"closed","template":"","meta":{"site-sidebar-layout":"no-sidebar","site-content-layout":"page-builder","ast-site-content-layout":"full-width-container","site-content-style":"default","site-sidebar-style":"default","ast-global-header-display":"","ast-banner-title-visibility":"","ast-main-header-display":"","ast-hfb-above-header-display":"","ast-hfb-below-header-display":"","ast-hfb-mobile-header-display":"","site-post-title":"disabled","ast-breadcrumbs-content":"","ast-featured-img":"disabled","footer-sml-layout":"","ast-disable-related-posts":"","theme-transparent-header-meta":"","adv-header-id-meta":"","stick-header-meta":"","header-above-stick-meta":"","header-main-stick-meta":"","header-below-stick-meta":"","astra-migrate-meta-layouts":"default","ast-page-background-enabled":"default","ast-page-background-meta":{"desktop":{"background-color":"var(--ast-global-color-4)","background-image":"","background-repeat":"repeat","background-position":"center center","background-size":"auto","background-attachment":"scroll","background-type":"","background-media":"","overlay-type":"","overlay-color":"","overlay-opacity":"","overlay-gradient":""},"tablet":{"background-color":"","background-image":"","background-repeat":"repeat","background-position":"center center","background-size":"auto","background-attachment":"scroll","background-type":"","background-media":"","overlay-type":"","overlay-color":"","overlay-opacity":"","overlay-gradient":""},"mobile":{"background-color":"","background-image":"","background-repeat":"repeat","background-position":"center center","background-size":"auto","background-attachment":"scroll","background-type":"","background-media":"","overlay-type":"","overlay-color":"","overlay-opacity":"","overlay-gradient":""}},"ast-content-background-meta":{"desktop":{"background-color":"var(--ast-global-color-5)","background-image":"","background-repeat":"repeat","background-position":"center center","background-size":"auto","background-attachment":"scroll","background-type":"","background-media":"","overlay-type":"","overlay-color":"","overlay-opacity":"","overlay-gradient":""},"tablet":{"background-color":"var(--ast-global-color-5)","background-image":"","background-repeat":"repeat","background-position":"center center","background-size":"auto","background-attachment":"scroll","background-type":"","background-media":"","overlay-type":"","overlay-color":"","overlay-opacity":"","overlay-gradient":""},"mobile":{"background-color":"var(--ast-global-color-5)","background-image":"","background-repeat":"repeat","background-position":"center center","background-size":"auto","background-attachment":"scroll","background-type":"","background-media":"","overlay-type":"","overlay-color":"","overlay-opacity":"","overlay-gradient":""}},"footnotes":""},"categories":[187,183],"tags":[],"class_list":["post-7217","page","type-page","status-publish","has-post-thumbnail","hentry","category-forestry","category-mechanics"],"yoast_head":"<!-- This site is optimized with the Yoast SEO plugin v27.3 - https:\/\/yoast.com\/product\/yoast-seo-wordpress\/ -->\n<title>Steel wire ropes, standard construction 6\u00d719+FC+WSC (7\u00d719) - Cotraco<\/title>\n<meta name=\"robots\" content=\"index, follow, max-snippet:-1, max-image-preview:large, max-video-preview:-1\" \/>\n<link rel=\"canonical\" href=\"https:\/\/cotraco.ro\/cabluri-din-otel-constructie-normala-6x19wsc-7x19\/\" \/>\n<meta property=\"og:locale\" content=\"en_US\" \/>\n<meta property=\"og:type\" content=\"article\" \/>\n<meta property=\"og:title\" content=\"Steel wire ropes, standard construction 6\u00d719+FC+WSC (7\u00d719) - Cotraco\" \/>\n<meta property=\"og:description\" content=\"Wire Ropes Steel wire ropes, standard construction 6\u00d719+FC+WSC (7\u00d719) Product details Semi-flexible steel cable, obtained by wrapping 6 strands of [&hellip;]\" \/>\n<meta property=\"og:url\" content=\"https:\/\/cotraco.ro\/cabluri-din-otel-constructie-normala-6x19wsc-7x19\/\" \/>\n<meta property=\"og:site_name\" content=\"Cotraco\" \/>\n<meta property=\"article:modified_time\" content=\"2025-02-19T21:23:58+00:00\" \/>\n<meta property=\"og:image\" content=\"https:\/\/cotraco.ro\/wp-content\/uploads\/2025\/02\/7x19.png\" \/>\n\t<meta property=\"og:image:width\" content=\"314\" \/>\n\t<meta property=\"og:image:height\" content=\"314\" \/>\n\t<meta property=\"og:image:type\" content=\"image\/png\" \/>\n<meta name=\"twitter:card\" content=\"summary_large_image\" \/>\n<script type=\"application\/ld+json\" class=\"yoast-schema-graph\">{\"@context\":\"https:\\\/\\\/schema.org\",\"@graph\":[{\"@type\":\"WebPage\",\"@id\":\"https:\\\/\\\/cotraco.ro\\\/cabluri-din-otel-constructie-normala-6x19wsc-7x19\\\/\",\"url\":\"https:\\\/\\\/cotraco.ro\\\/cabluri-din-otel-constructie-normala-6x19wsc-7x19\\\/\",\"name\":\"Steel wire ropes, standard construction 6\u00d719+FC+WSC (7\u00d719) - Cotraco\",\"isPartOf\":{\"@id\":\"https:\\\/\\\/cotraco.ro\\\/#website\"},\"primaryImageOfPage\":{\"@id\":\"https:\\\/\\\/cotraco.ro\\\/cabluri-din-otel-constructie-normala-6x19wsc-7x19\\\/#primaryimage\"},\"image\":{\"@id\":\"https:\\\/\\\/cotraco.ro\\\/cabluri-din-otel-constructie-normala-6x19wsc-7x19\\\/#primaryimage\"},\"thumbnailUrl\":\"https:\\\/\\\/cotraco.ro\\\/wp-content\\\/uploads\\\/2025\\\/02\\\/7x19.png\",\"datePublished\":\"2025-02-19T21:23:29+00:00\",\"dateModified\":\"2025-02-19T21:23:58+00:00\",\"breadcrumb\":{\"@id\":\"https:\\\/\\\/cotraco.ro\\\/cabluri-din-otel-constructie-normala-6x19wsc-7x19\\\/#breadcrumb\"},\"inLanguage\":\"en-US\",\"potentialAction\":[{\"@type\":\"ReadAction\",\"target\":[\"https:\\\/\\\/cotraco.ro\\\/cabluri-din-otel-constructie-normala-6x19wsc-7x19\\\/\"]}]},{\"@type\":\"ImageObject\",\"inLanguage\":\"en-US\",\"@id\":\"https:\\\/\\\/cotraco.ro\\\/cabluri-din-otel-constructie-normala-6x19wsc-7x19\\\/#primaryimage\",\"url\":\"https:\\\/\\\/cotraco.ro\\\/wp-content\\\/uploads\\\/2025\\\/02\\\/7x19.png\",\"contentUrl\":\"https:\\\/\\\/cotraco.ro\\\/wp-content\\\/uploads\\\/2025\\\/02\\\/7x19.png\",\"width\":314,\"height\":314},{\"@type\":\"BreadcrumbList\",\"@id\":\"https:\\\/\\\/cotraco.ro\\\/cabluri-din-otel-constructie-normala-6x19wsc-7x19\\\/#breadcrumb\",\"itemListElement\":[{\"@type\":\"ListItem\",\"position\":1,\"name\":\"Prima pagin\u0103\",\"item\":\"https:\\\/\\\/cotraco.ro\\\/\"},{\"@type\":\"ListItem\",\"position\":2,\"name\":\"Steel wire ropes, standard construction 6\u00d719+FC+WSC (7\u00d719)\"}]},{\"@type\":\"WebSite\",\"@id\":\"https:\\\/\\\/cotraco.ro\\\/#website\",\"url\":\"https:\\\/\\\/cotraco.ro\\\/\",\"name\":\"Cotraco\",\"description\":\"Partenerul t\u0103u de \u00eencredere\",\"publisher\":{\"@id\":\"https:\\\/\\\/cotraco.ro\\\/#organization\"},\"potentialAction\":[{\"@type\":\"SearchAction\",\"target\":{\"@type\":\"EntryPoint\",\"urlTemplate\":\"https:\\\/\\\/cotraco.ro\\\/?s={search_term_string}\"},\"query-input\":{\"@type\":\"PropertyValueSpecification\",\"valueRequired\":true,\"valueName\":\"search_term_string\"}}],\"inLanguage\":\"en-US\"},{\"@type\":\"Organization\",\"@id\":\"https:\\\/\\\/cotraco.ro\\\/#organization\",\"name\":\"Cotraco\",\"url\":\"https:\\\/\\\/cotraco.ro\\\/\",\"logo\":{\"@type\":\"ImageObject\",\"inLanguage\":\"en-US\",\"@id\":\"https:\\\/\\\/cotraco.ro\\\/#\\\/schema\\\/logo\\\/image\\\/\",\"url\":\"https:\\\/\\\/cotraco.ro\\\/wp-content\\\/uploads\\\/2024\\\/11\\\/Cotraco-sigla-companiei.webp\",\"contentUrl\":\"https:\\\/\\\/cotraco.ro\\\/wp-content\\\/uploads\\\/2024\\\/11\\\/Cotraco-sigla-companiei.webp\",\"width\":1614,\"height\":434,\"caption\":\"Cotraco\"},\"image\":{\"@id\":\"https:\\\/\\\/cotraco.ro\\\/#\\\/schema\\\/logo\\\/image\\\/\"}}]}<\/script>\n<!-- \/ Yoast SEO plugin. -->","yoast_head_json":{"title":"Steel wire ropes, standard construction 6\u00d719+FC+WSC (7\u00d719) - Cotraco","robots":{"index":"index","follow":"follow","max-snippet":"max-snippet:-1","max-image-preview":"max-image-preview:large","max-video-preview":"max-video-preview:-1"},"canonical":"https:\/\/cotraco.ro\/cabluri-din-otel-constructie-normala-6x19wsc-7x19\/","og_locale":"en_US","og_type":"article","og_title":"Steel wire ropes, standard construction 6\u00d719+FC+WSC (7\u00d719) - Cotraco","og_description":"Wire Ropes Steel wire ropes, standard construction 6\u00d719+FC+WSC (7\u00d719) Product details Semi-flexible steel cable, obtained by wrapping 6 strands of [&hellip;]","og_url":"https:\/\/cotraco.ro\/cabluri-din-otel-constructie-normala-6x19wsc-7x19\/","og_site_name":"Cotraco","article_modified_time":"2025-02-19T21:23:58+00:00","og_image":[{"width":314,"height":314,"url":"https:\/\/cotraco.ro\/wp-content\/uploads\/2025\/02\/7x19.png","type":"image\/png"}],"twitter_card":"summary_large_image","schema":{"@context":"https:\/\/schema.org","@graph":[{"@type":"WebPage","@id":"https:\/\/cotraco.ro\/cabluri-din-otel-constructie-normala-6x19wsc-7x19\/","url":"https:\/\/cotraco.ro\/cabluri-din-otel-constructie-normala-6x19wsc-7x19\/","name":"Steel wire ropes, standard construction 6\u00d719+FC+WSC (7\u00d719) - Cotraco","isPartOf":{"@id":"https:\/\/cotraco.ro\/#website"},"primaryImageOfPage":{"@id":"https:\/\/cotraco.ro\/cabluri-din-otel-constructie-normala-6x19wsc-7x19\/#primaryimage"},"image":{"@id":"https:\/\/cotraco.ro\/cabluri-din-otel-constructie-normala-6x19wsc-7x19\/#primaryimage"},"thumbnailUrl":"https:\/\/cotraco.ro\/wp-content\/uploads\/2025\/02\/7x19.png","datePublished":"2025-02-19T21:23:29+00:00","dateModified":"2025-02-19T21:23:58+00:00","breadcrumb":{"@id":"https:\/\/cotraco.ro\/cabluri-din-otel-constructie-normala-6x19wsc-7x19\/#breadcrumb"},"inLanguage":"en-US","potentialAction":[{"@type":"ReadAction","target":["https:\/\/cotraco.ro\/cabluri-din-otel-constructie-normala-6x19wsc-7x19\/"]}]},{"@type":"ImageObject","inLanguage":"en-US","@id":"https:\/\/cotraco.ro\/cabluri-din-otel-constructie-normala-6x19wsc-7x19\/#primaryimage","url":"https:\/\/cotraco.ro\/wp-content\/uploads\/2025\/02\/7x19.png","contentUrl":"https:\/\/cotraco.ro\/wp-content\/uploads\/2025\/02\/7x19.png","width":314,"height":314},{"@type":"BreadcrumbList","@id":"https:\/\/cotraco.ro\/cabluri-din-otel-constructie-normala-6x19wsc-7x19\/#breadcrumb","itemListElement":[{"@type":"ListItem","position":1,"name":"Prima pagin\u0103","item":"https:\/\/cotraco.ro\/"},{"@type":"ListItem","position":2,"name":"Steel wire ropes, standard construction 6\u00d719+FC+WSC (7\u00d719)"}]},{"@type":"WebSite","@id":"https:\/\/cotraco.ro\/#website","url":"https:\/\/cotraco.ro\/","name":"Cotraco","description":"Partenerul t\u0103u de \u00eencredere","publisher":{"@id":"https:\/\/cotraco.ro\/#organization"},"potentialAction":[{"@type":"SearchAction","target":{"@type":"EntryPoint","urlTemplate":"https:\/\/cotraco.ro\/?s={search_term_string}"},"query-input":{"@type":"PropertyValueSpecification","valueRequired":true,"valueName":"search_term_string"}}],"inLanguage":"en-US"},{"@type":"Organization","@id":"https:\/\/cotraco.ro\/#organization","name":"Cotraco","url":"https:\/\/cotraco.ro\/","logo":{"@type":"ImageObject","inLanguage":"en-US","@id":"https:\/\/cotraco.ro\/#\/schema\/logo\/image\/","url":"https:\/\/cotraco.ro\/wp-content\/uploads\/2024\/11\/Cotraco-sigla-companiei.webp","contentUrl":"https:\/\/cotraco.ro\/wp-content\/uploads\/2024\/11\/Cotraco-sigla-companiei.webp","width":1614,"height":434,"caption":"Cotraco"},"image":{"@id":"https:\/\/cotraco.ro\/#\/schema\/logo\/image\/"}}]}},"_links":{"self":[{"href":"https:\/\/cotraco.ro\/en\/wp-json\/wp\/v2\/pages\/7217","targetHints":{"allow":["GET"]}}],"collection":[{"href":"https:\/\/cotraco.ro\/en\/wp-json\/wp\/v2\/pages"}],"about":[{"href":"https:\/\/cotraco.ro\/en\/wp-json\/wp\/v2\/types\/page"}],"author":[{"embeddable":true,"href":"https:\/\/cotraco.ro\/en\/wp-json\/wp\/v2\/users\/4"}],"replies":[{"embeddable":true,"href":"https:\/\/cotraco.ro\/en\/wp-json\/wp\/v2\/comments?post=7217"}],"version-history":[{"count":0,"href":"https:\/\/cotraco.ro\/en\/wp-json\/wp\/v2\/pages\/7217\/revisions"}],"wp:featuredmedia":[{"embeddable":true,"href":"https:\/\/cotraco.ro\/en\/wp-json\/wp\/v2\/media\/7207"}],"wp:attachment":[{"href":"https:\/\/cotraco.ro\/en\/wp-json\/wp\/v2\/media?parent=7217"}],"wp:term":[{"taxonomy":"category","embeddable":true,"href":"https:\/\/cotraco.ro\/en\/wp-json\/wp\/v2\/categories?post=7217"},{"taxonomy":"post_tag","embeddable":true,"href":"https:\/\/cotraco.ro\/en\/wp-json\/wp\/v2\/tags?post=7217"}],"curies":[{"name":"wp","href":"https:\/\/api.w.org\/{rel}","templated":true}]}}